{"id":577,"date":"2015-12-31T12:48:06","date_gmt":"2015-12-31T12:48:06","guid":{"rendered":"https:\/\/ibaster.wordpress.com\/?page_id=577"},"modified":"2022-11-19T00:16:09","modified_gmt":"2022-11-19T00:16:09","slug":"lukijalle","status":"publish","type":"page","link":"https:\/\/ibastergoes.com\/gb\/","title":{"rendered":"Nyt menn\u00e4\u00e4n!"},"content":{"rendered":"<p>Tervetuloa reissublogimme pariin! T\u00e4\u00e4lt\u00e4 l\u00f6yd\u00e4t tarinoita matkoiltamme ymp\u00e4ri maailmaa &#8211; ja n\u00e4it\u00e4 tarinoitahan on roppakaupalla luvassa, sill\u00e4 olemme vihdoin syyskuussa 2022 <strong>p\u00e4\u00e4sseet l\u00e4htem\u00e4\u00e4n useaan otteeseen lykk\u00e4\u00e4ntyneelle maailmanymp\u00e4rimatkalle eli &#8220;MYMmille&#8221;<\/strong>!<\/p>\n<p>Viimeisimm\u00e4ll\u00e4 suuremmalla<em> (3 kuukautta kest\u00e4neell\u00e4) <\/em>reissullamme 2015 uppouduimme Indonesian upean saarivaltion salaisuuksiin, mutta sen j\u00e4lkeen tyydyimme pitk\u00e4\u00e4n hieman lyhyempiin pyr\u00e4hdyksiin maailmalla.<\/p>\n<p>Indonesian reissua edelsiv\u00e4t yhteiset reissumme Turkin Marmarikseen (2013), lumoavalle Borneon saarelle (2013\/2014), roadtripille Lappiin (2014) sek\u00e4 perhematka Lissaboniin (2015).<\/p>\n<p>Yhteisten matkojen lis\u00e4ksi toinen piipahti Zimbabwessa (2016) ja Ruandassa (2017), toisen autoillessa Amerikassa (2016 &amp; 2018). Sittemmin matkakohteiksi valikoituivat Sri Lanka, Skotlanti, Albania, Lofootit sek\u00e4 ihan koto-Suomen Lappi ja etel\u00e4isemm\u00e4tkin Suomen luonnonpuistot. Ehk\u00e4 uskotte, ett\u00e4 olemme matkailusta nauttiva pari &amp; aina valmiina reissuun!\u263a\ufe0f<\/p>\n<p><a href=\"https:\/\/ibastergoes.com\/suunnitelmia-maailman-ympari\/\">Maailmanymp\u00e4rimatkan (2022) suunnittelu on viel\u00e4 reissun p\u00e4\u00e4ll\u00e4kin k\u00e4ynniss\u00e4 (suunnitelmat muuttuvat jatkuvasti)<\/a> &#8211; k\u00e4y vinkkaamassa matkakohteita, sill\u00e4 kaikki vinkit ovat l\u00e4mpim\u00e4sti tervetulleita!<\/p>\n<p>Haluamme toivottaa kaikille sivuillemme eksyneille nautinnollisia lukuhetki\u00e4, toivottavasti blogistamme on iloa ja miksei hy\u00f6ty\u00e4kin!<\/p>\n<p>Jos lukemisen sijaan katsot mieluummin reissujemme videomateriaalia, l\u00f6yd\u00e4t sen YouTubesta: <a href=\"https:\/\/www.youtube.com\/@julesdiscoveries\" data-wplink-edit=\"true\">Jules Discoveries<\/a>.<\/p>\n<ul>\n<li>I&amp;J<\/li>\n<\/ul>\n<p><em>PS. Uusimmat julkaisut (&#8220;Viimeisimm\u00e4t&#8221;) l\u00f6yd\u00e4t alta\/sivusta listattuna, mutta voit my\u00f6s etsi\u00e4 juttuja maittain\/aiheittain t\u00e4m\u00e4n blogin valikosta.<\/em><\/p>\n","protected":false},"excerpt":{"rendered":"<p>Tervetuloa reissublogimme pariin! T\u00e4\u00e4lt\u00e4 l\u00f6yd\u00e4t tarinoita matkoiltamme ymp\u00e4ri maailmaa &#8211; ja n\u00e4it\u00e4 tarinoitahan on roppakaupalla luvassa, sill\u00e4 olemme vihdoin syyskuussa 2022 p\u00e4\u00e4sseet l\u00e4htem\u00e4\u00e4n useaan otteeseen lykk\u00e4\u00e4ntyneelle maailmanymp\u00e4rimatkalle eli &#8220;MYMmille&#8221;! Viimeisimm\u00e4ll\u00e4 suuremmalla (3 kuukautta kest\u00e4neell\u00e4) reissullamme 2015 uppouduimme Indonesian upean saarivaltion salaisuuksiin, mutta sen j\u00e4lkeen tyydyimme pitk\u00e4\u00e4n hieman lyhyempiin pyr\u00e4hdyksiin maailmalla. Indonesian reissua edelsiv\u00e4t yhteiset reissumme &hellip; <\/p>\n<p class=\"link-more\"><a href=\"https:\/\/ibastergoes.com\/gb\/\" class=\"read-more\">Lue lis\u00e4\u00e4<span class=\"screen-reader-text\">Nyt menn\u00e4\u00e4n!<\/span><\/a><\/p>\n","protected":false},"author":2,"featured_media":497,"parent":0,"menu_order":0,"comment_status":"closed","ping_status":"closed","template":"","meta":{"nf_dc_page":"","jetpack_post_was_ever_published":false,"_vp_format_video_url":"","_vp_image_focal_point":[],"footnotes":""},"class_list":["post-577","page","type-page","status-publish","has-post-thumbnail","hentry"],"translation":{"provider":"WPGlobus","version":"3.0.2","language":"gb","enabled_languages":["fi","gb"],"languages":{"fi":{"title":true,"content":true,"excerpt":false},"gb":{"title":false,"content":false,"excerpt":false}}},"jetpack_sharing_enabled":false,"jetpack_shortlink":"https:\/\/wp.me\/PazqkD-9j","_links":{"self":[{"href":"https:\/\/ibastergoes.com\/gb\/wp-json\/wp\/v2\/pages\/577","targetHints":{"allow":["GET"]}}],"collection":[{"href":"https:\/\/ibastergoes.com\/gb\/wp-json\/wp\/v2\/pages"}],"about":[{"href":"https:\/\/ibastergoes.com\/gb\/wp-json\/wp\/v2\/types\/page"}],"author":[{"embeddable":true,"href":"https:\/\/ibastergoes.com\/gb\/wp-json\/wp\/v2\/users\/2"}],"replies":[{"embeddable":true,"href":"https:\/\/ibastergoes.com\/gb\/wp-json\/wp\/v2\/comments?post=577"}],"version-history":[{"count":47,"href":"https:\/\/ibastergoes.com\/gb\/wp-json\/wp\/v2\/pages\/577\/revisions"}],"predecessor-version":[{"id":4747,"href":"https:\/\/ibastergoes.com\/gb\/wp-json\/wp\/v2\/pages\/577\/revisions\/4747"}],"wp:featuredmedia":[{"embeddable":true,"href":"https:\/\/ibastergoes.com\/gb\/wp-json\/"}],"wp:attachment":[{"href":"https:\/\/ibastergoes.com\/gb\/wp-json\/wp\/v2\/media?parent=577"}],"curies":[{"name":"wp","href":"https:\/\/api.w.org\/{rel}","templated":true}]}}