{"id":3313,"date":"2019-02-15T06:28:23","date_gmt":"2019-02-15T06:28:23","guid":{"rendered":"https:\/\/ibastergoes.com\/?page_id=3313"},"modified":"2019-02-15T09:54:58","modified_gmt":"2019-02-15T09:54:58","slug":"budjetti-2","status":"publish","type":"page","link":"https:\/\/ibastergoes.com\/gb\/budjetti-2\/","title":{"rendered":"Budjetti"},"content":{"rendered":"\n<p>T\u00e4lle sivulle kokoamme reissujemme rahanmenoa koskevia juttuja. T\u00e4ll\u00e4 hetkell\u00e4 emme ole viel\u00e4 eritelleet niit\u00e4, mutta asia korjataan pian! \ud83d\ude42<\/p>\n","protected":false},"excerpt":{"rendered":"<p>T\u00e4lle sivulle kokoamme reissujemme rahanmenoa koskevia juttuja. T\u00e4ll\u00e4 hetkell\u00e4 emme ole viel\u00e4 eritelleet niit\u00e4, mutta asia korjataan pian! \ud83d\ude42<\/p>\n","protected":false},"author":1,"featured_media":0,"parent":0,"menu_order":0,"comment_status":"closed","ping_status":"closed","template":"","meta":{"nf_dc_page":"","jetpack_post_was_ever_published":false,"_vp_format_video_url":"","_vp_image_focal_point":[],"footnotes":""},"class_list":["post-3313","page","type-page","status-publish","hentry"],"translation":{"provider":"WPGlobus","version":"3.0.2","language":"gb","enabled_languages":["fi","gb"],"languages":{"fi":{"title":true,"content":true,"excerpt":false},"gb":{"title":false,"content":false,"excerpt":false}}},"jetpack_sharing_enabled":true,"jetpack_shortlink":"https:\/\/wp.me\/PazqkD-Rr","_links":{"self":[{"href":"https:\/\/ibastergoes.com\/gb\/wp-json\/wp\/v2\/pages\/3313","targetHints":{"allow":["GET"]}}],"collection":[{"href":"https:\/\/ibastergoes.com\/gb\/wp-json\/wp\/v2\/pages"}],"about":[{"href":"https:\/\/ibastergoes.com\/gb\/wp-json\/wp\/v2\/types\/page"}],"author":[{"embeddable":true,"href":"https:\/\/ibastergoes.com\/gb\/wp-json\/wp\/v2\/users\/1"}],"replies":[{"embeddable":true,"href":"https:\/\/ibastergoes.com\/gb\/wp-json\/wp\/v2\/comments?post=3313"}],"version-history":[{"count":2,"href":"https:\/\/ibastergoes.com\/gb\/wp-json\/wp\/v2\/pages\/3313\/revisions"}],"predecessor-version":[{"id":3467,"href":"https:\/\/ibastergoes.com\/gb\/wp-json\/wp\/v2\/pages\/3313\/revisions\/3467"}],"wp:attachment":[{"href":"https:\/\/ibastergoes.com\/gb\/wp-json\/wp\/v2\/media?parent=3313"}],"curies":[{"name":"wp","href":"https:\/\/api.w.org\/{rel}","templated":true}]}}