{"id":3307,"date":"2019-02-15T06:27:25","date_gmt":"2019-02-15T06:27:25","guid":{"rendered":"https:\/\/ibastergoes.com\/?page_id=3307"},"modified":"2019-02-15T09:56:43","modified_gmt":"2019-02-15T09:56:43","slug":"vastuullisuus","status":"publish","type":"page","link":"https:\/\/ibastergoes.com\/gb\/vastuullisuus\/","title":{"rendered":"Vastuullisuus"},"content":{"rendered":"\n<p>Haluamme reissata vastuullisesti ja v\u00e4lill\u00e4 se vaatii paljon asiaan perehtymist\u00e4, omien n\u00e4k\u00f6kulmien laajentamista sek\u00e4 ymm\u00e4rryst\u00e4. T\u00e4lle sivulle ker\u00e4\u00e4mme vastuullista matkustamista koskevia ajatuksia ja niit\u00e4 voit my\u00f6s jakaa kanssamme kommenteissa \ud83d\ude42<\/p>\n","protected":false},"excerpt":{"rendered":"<p>Haluamme reissata vastuullisesti ja v\u00e4lill\u00e4 se vaatii paljon asiaan perehtymist\u00e4, omien n\u00e4k\u00f6kulmien laajentamista sek\u00e4 ymm\u00e4rryst\u00e4. T\u00e4lle sivulle ker\u00e4\u00e4mme vastuullista matkustamista koskevia ajatuksia ja niit\u00e4 voit my\u00f6s jakaa kanssamme kommenteissa \ud83d\ude42<\/p>\n","protected":false},"author":1,"featured_media":0,"parent":0,"menu_order":0,"comment_status":"open","ping_status":"closed","template":"","meta":{"nf_dc_page":"","jetpack_post_was_ever_published":false,"_vp_format_video_url":"","_vp_image_focal_point":[],"footnotes":""},"class_list":["post-3307","page","type-page","status-publish","hentry"],"translation":{"provider":"WPGlobus","version":"3.0.2","language":"gb","enabled_languages":["fi","gb"],"languages":{"fi":{"title":true,"content":true,"excerpt":false},"gb":{"title":false,"content":false,"excerpt":false}}},"jetpack_sharing_enabled":true,"jetpack_shortlink":"https:\/\/wp.me\/PazqkD-Rl","_links":{"self":[{"href":"https:\/\/ibastergoes.com\/gb\/wp-json\/wp\/v2\/pages\/3307","targetHints":{"allow":["GET"]}}],"collection":[{"href":"https:\/\/ibastergoes.com\/gb\/wp-json\/wp\/v2\/pages"}],"about":[{"href":"https:\/\/ibastergoes.com\/gb\/wp-json\/wp\/v2\/types\/page"}],"author":[{"embeddable":true,"href":"https:\/\/ibastergoes.com\/gb\/wp-json\/wp\/v2\/users\/1"}],"replies":[{"embeddable":true,"href":"https:\/\/ibastergoes.com\/gb\/wp-json\/wp\/v2\/comments?post=3307"}],"version-history":[{"count":2,"href":"https:\/\/ibastergoes.com\/gb\/wp-json\/wp\/v2\/pages\/3307\/revisions"}],"predecessor-version":[{"id":3468,"href":"https:\/\/ibastergoes.com\/gb\/wp-json\/wp\/v2\/pages\/3307\/revisions\/3468"}],"wp:attachment":[{"href":"https:\/\/ibastergoes.com\/gb\/wp-json\/wp\/v2\/media?parent=3307"}],"curies":[{"name":"wp","href":"https:\/\/api.w.org\/{rel}","templated":true}]}}