{"id":26,"date":"2015-05-15T06:55:24","date_gmt":"2015-05-15T06:55:24","guid":{"rendered":"https:\/\/ibaster.wordpress.com\/?page_id=26"},"modified":"2019-10-31T19:39:36","modified_gmt":"2019-10-31T19:39:36","slug":"mita-pakata-mukaan","status":"publish","type":"page","link":"https:\/\/ibastergoes.com\/gb\/mita-pakata-mukaan\/","title":{"rendered":"Mit\u00e4 pakata mukaan?"},"content":{"rendered":"<p>Pakkaaminen tuntuu olevan aina yht\u00e4 tuskastuttavaa: Mit\u00e4 pakata&#8230; Kuinka monta vaatekertaa, mitk\u00e4 keng\u00e4t, jaksaako r\u00e4pyl\u00f6it\u00e4 raahata, mit\u00e4 tulisi ottaa Suomesta ja mit\u00e4 paikanp\u00e4\u00e4lt\u00e4&#8230; Usein pakkaaminen on meill\u00e4 j\u00e4\u00e4nyt melko viimetinkaan, vaikka yleens\u00e4 siit\u00e4 puhumme hyviss\u00e4 ajoin etuk\u00e4teen (=eli ainakin suunnittelu on k\u00e4ynniss\u00e4 ajoissa). Viimeisimm\u00e4ll\u00e4 matkallamme (Sri Lanka &#8211; 3 viikkoa) selvisimme ihanan kevein rinkoin, ja samalla linjalla olisi tarkoitus p\u00e4rj\u00e4t\u00e4 vastedes. Indonesiassa (3+1 kk) kannoimmekin sitten astetta painavampaa lastia mukanamme, mutta n\u00e4in j\u00e4lkik\u00e4teen olemme tulleet siihen tulokseen, ett\u00e4 v\u00e4hemm\u00e4ll\u00e4kin olisi p\u00e4rj\u00e4nnyt mainiosti.<\/p>\n<p>Alla oleviin blogiteksteihin olen ker\u00e4nnyt pient\u00e4 yhteenvetoa pakkailuista (suunnitelluista, pakatuista ja turhaksi osoittautuneista tavaroista). Koska Indonesian reissu oli &#8220;painavin&#8221;, se postaus on t\u00e4ll\u00e4 hetkell\u00e4 kattavin (kunnes MYM-pakkailuista saadaan parin vuoden p\u00e4\u00e4st\u00e4 palautetta). T\u00e4ytyy toki muistaa, ett\u00e4 pakkaamiseen ja tavaran m\u00e4\u00e4r\u00e4\u00e4n vaikuttavat tietenkin matkakohde (ilmasto, hintataso, aktiviteetit) ja matkan kesto. Ei ole siis yht\u00e4 oikeaa ja kaikille matkoille sopivaa pakkauslistaa, sill\u00e4 jokaisen tulee tietenkin pakata mukaan esimerkiksi itselleen v\u00e4ltt\u00e4m\u00e4tt\u00f6m\u00e4t l\u00e4\u00e4kkeet. Muiden pakkauslistoista voi kuitenkin saada hyv\u00e4\u00e4 tukea omaan pakkaus-p\u00e4hk\u00e4ilyyn!<\/p>\n<p><a href=\"https:\/\/ibaster.files.wordpress.com\/2016\/03\/img_20150729_053948.jpg\" rel=\"attachment wp-att-821\"><img data-recalc-dims=\"1\" loading=\"lazy\" decoding=\"async\" class=\"size-medium wp-image-821 aligncenter\" src=\"https:\/\/ibaster.files.wordpress.com\/2016\/03\/img_20150729_053948.jpg?w=225&#038;resize=225%2C300\" alt=\"IMG_20150729_053948\" width=\"225\" height=\"300\" srcset=\"https:\/\/i0.wp.com\/ibastergoes.com\/wp-content\/uploads\/2016\/03\/img_20150729_053948.jpg?w=2448&amp;ssl=1 2448w, https:\/\/i0.wp.com\/ibastergoes.com\/wp-content\/uploads\/2016\/03\/img_20150729_053948.jpg?resize=225%2C300&amp;ssl=1 225w, https:\/\/i0.wp.com\/ibastergoes.com\/wp-content\/uploads\/2016\/03\/img_20150729_053948.jpg?resize=768%2C1024&amp;ssl=1 768w, https:\/\/i0.wp.com\/ibastergoes.com\/wp-content\/uploads\/2016\/03\/img_20150729_053948.jpg?resize=1568%2C2091&amp;ssl=1 1568w, https:\/\/i0.wp.com\/ibastergoes.com\/wp-content\/uploads\/2016\/03\/img_20150729_053948.jpg?w=1720&amp;ssl=1 1720w\" sizes=\"auto, (max-width: 225px) 100vw, 225px\" \/><\/a><\/p>\n\n","protected":false},"excerpt":{"rendered":"<p>Pakkaaminen tuntuu olevan aina yht\u00e4 tuskastuttavaa: Mit\u00e4 pakata&#8230; Kuinka monta vaatekertaa, mitk\u00e4 keng\u00e4t, jaksaako r\u00e4pyl\u00f6it\u00e4 raahata, mit\u00e4 tulisi ottaa Suomesta ja mit\u00e4 paikanp\u00e4\u00e4lt\u00e4&#8230; Usein pakkaaminen on meill\u00e4 j\u00e4\u00e4nyt melko viimetinkaan, vaikka yleens\u00e4 siit\u00e4 puhumme hyviss\u00e4 ajoin etuk\u00e4teen (=eli ainakin suunnittelu on k\u00e4ynniss\u00e4 ajoissa). Viimeisimm\u00e4ll\u00e4 matkallamme (Sri Lanka &#8211; 3 viikkoa) selvisimme ihanan kevein rinkoin, ja &hellip; <\/p>\n<p class=\"link-more\"><a href=\"https:\/\/ibastergoes.com\/gb\/mita-pakata-mukaan\/\" class=\"read-more\">Lue lis\u00e4\u00e4<span class=\"screen-reader-text\">Mit\u00e4 pakata mukaan?<\/span><\/a><\/p>\n","protected":false},"author":2,"featured_media":393,"parent":0,"menu_order":0,"comment_status":"closed","ping_status":"open","template":"","meta":{"nf_dc_page":"","jetpack_post_was_ever_published":false,"_vp_format_video_url":"","_vp_image_focal_point":[],"footnotes":""},"class_list":["post-26","page","type-page","status-publish","has-post-thumbnail","hentry"],"translation":{"provider":"WPGlobus","version":"3.0.2","language":"gb","enabled_languages":["fi","gb"],"languages":{"fi":{"title":true,"content":true,"excerpt":false},"gb":{"title":false,"content":false,"excerpt":false}}},"jetpack_sharing_enabled":true,"jetpack_shortlink":"https:\/\/wp.me\/PazqkD-q","_links":{"self":[{"href":"https:\/\/ibastergoes.com\/gb\/wp-json\/wp\/v2\/pages\/26","targetHints":{"allow":["GET"]}}],"collection":[{"href":"https:\/\/ibastergoes.com\/gb\/wp-json\/wp\/v2\/pages"}],"about":[{"href":"https:\/\/ibastergoes.com\/gb\/wp-json\/wp\/v2\/types\/page"}],"author":[{"embeddable":true,"href":"https:\/\/ibastergoes.com\/gb\/wp-json\/wp\/v2\/users\/2"}],"replies":[{"embeddable":true,"href":"https:\/\/ibastergoes.com\/gb\/wp-json\/wp\/v2\/comments?post=26"}],"version-history":[{"count":3,"href":"https:\/\/ibastergoes.com\/gb\/wp-json\/wp\/v2\/pages\/26\/revisions"}],"predecessor-version":[{"id":4062,"href":"https:\/\/ibastergoes.com\/gb\/wp-json\/wp\/v2\/pages\/26\/revisions\/4062"}],"wp:featuredmedia":[{"embeddable":true,"href":"https:\/\/ibastergoes.com\/gb\/wp-json\/"}],"wp:attachment":[{"href":"https:\/\/ibastergoes.com\/gb\/wp-json\/wp\/v2\/media?parent=26"}],"curies":[{"name":"wp","href":"https:\/\/api.w.org\/{rel}","templated":true}]}}