{"id":13,"date":"2015-01-11T18:55:14","date_gmt":"2015-01-11T18:55:14","guid":{"rendered":"https:\/\/ibaster.wordpress.com\/?page_id=13"},"modified":"2022-08-10T19:36:46","modified_gmt":"2022-08-10T19:36:46","slug":"matkasuunnitelma","status":"publish","type":"page","link":"https:\/\/ibastergoes.com\/gb\/matkasuunnitelma\/","title":{"rendered":"Suunnitelmia"},"content":{"rendered":"\n\n\t\t    <link rel=\"stylesheet\" href=\"https:\/\/ibastergoes.com\/wp-content\/plugins\/wp-visited-countries-reloaded\/ammap\/ammap.css\" type=\"text\/css\" media=\"all\" \/>\n\t\t    <script type=\"text\/javascript\" src=\"https:\/\/ibastergoes.com\/wp-content\/plugins\/wp-visited-countries-reloaded\/ammap\/ammap.js\"><\/script>\n\t\t    <script type=\"text\/javascript\" src=\"https:\/\/ibastergoes.com\/wp-content\/plugins\/wp-visited-countries-reloaded\/ammap\/maps\/js\/worldLow.js\"><\/script>\n\t\t    \n\t\t    <div id=\"wpvc-jscontent\" style=\"width: 500px; height: 500px; background-color:#FFFFFF\"><\/div>\n\t\t    <script type=\"text\/javascript\">\n                AmCharts.makeChart( \"wpvc-jscontent\", {\n                \n                    \"type\": \"map\",\n                    \"fontFamily\":\"Tahoma\",\n                    \n                    \"dataProvider\": {\n                        \"map\": \"worldLow\",   \n                        \"getAreasFromMap\": true,\n                        \"areas\": [{\"id\":\"DK\",\"color\":\"#336699\",\"rollOverColor\":\"#003366\",\"selectedColor\":\"#003366\",\"balloonText\":\"<b>[[title]]<\\\/b><br>\"},{\"id\":\"CZ\",\"color\":\"#336699\",\"rollOverColor\":\"#003366\",\"selectedColor\":\"#003366\",\"balloonText\":\"<b>[[title]]<\\\/b><br>\"},{\"id\":\"AT\",\"color\":\"#336699\",\"rollOverColor\":\"#003366\",\"selectedColor\":\"#003366\",\"balloonText\":\"<b>[[title]]<\\\/b><br>(2019)\"},{\"id\":\"EE\",\"color\":\"#336699\",\"rollOverColor\":\"#003366\",\"selectedColor\":\"#003366\",\"balloonText\":\"<b>[[title]]<\\\/b><br>\"},{\"id\":\"FI\",\"color\":\"#336699\",\"rollOverColor\":\"#003366\",\"selectedColor\":\"#003366\",\"balloonText\":\"<b>[[title]]<\\\/b><br>\"},{\"id\":\"FR\",\"color\":\"#336699\",\"rollOverColor\":\"#003366\",\"selectedColor\":\"#003366\",\"balloonText\":\"<b>[[title]]<\\\/b><br>\"},{\"id\":\"DE\",\"color\":\"#336699\",\"rollOverColor\":\"#003366\",\"selectedColor\":\"#003366\",\"balloonText\":\"<b>[[title]]<\\\/b><br>\"},{\"id\":\"HU\",\"color\":\"#336699\",\"rollOverColor\":\"#003366\",\"selectedColor\":\"#003366\",\"balloonText\":\"<b>[[title]]<\\\/b><br>\"},{\"id\":\"ID\",\"color\":\"#336699\",\"rollOverColor\":\"#003366\",\"selectedColor\":\"#003366\",\"balloonText\":\"<b>[[title]]<\\\/b><br>(2015) Click to read the posts.\",\"url\":\"http:\\\/\\\/ibastergoes.com\\\/category\\\/aasia\\\/indonesia\\\/\"},{\"id\":\"IT\",\"color\":\"#336699\",\"rollOverColor\":\"#003366\",\"selectedColor\":\"#003366\",\"balloonText\":\"<b>[[title]]<\\\/b><br>\"},{\"id\":\"JP\",\"color\":\"#336699\",\"rollOverColor\":\"#003366\",\"selectedColor\":\"#003366\",\"balloonText\":\"<b>[[title]]<\\\/b><br>(2009) Click to read the posts.\",\"url\":\"http:\\\/\\\/ibastergoes.com\\\/category\\\/aasia\\\/japani\\\/\"},{\"id\":\"MY\",\"color\":\"#336699\",\"rollOverColor\":\"#003366\",\"selectedColor\":\"#003366\",\"balloonText\":\"<b>[[title]]<\\\/b><br>(2013) BORNEO. Click to read the posts.\",\"url\":\"http:\\\/\\\/ibastergoes.com\\\/category\\\/aasia\\\/borneo\\\/\"},{\"id\":\"NL\",\"color\":\"#336699\",\"rollOverColor\":\"#003366\",\"selectedColor\":\"#003366\",\"balloonText\":\"<b>[[title]]<\\\/b><br>\"},{\"id\":\"NO\",\"color\":\"#336699\",\"rollOverColor\":\"#003366\",\"selectedColor\":\"#003366\",\"balloonText\":\"<b>[[title]]<\\\/b><br>\"},{\"id\":\"PT\",\"color\":\"#336699\",\"rollOverColor\":\"#003366\",\"selectedColor\":\"#003366\",\"balloonText\":\"<b>[[title]]<\\\/b><br>\"},{\"id\":\"PL\",\"color\":\"#336699\",\"rollOverColor\":\"#003366\",\"selectedColor\":\"#003366\",\"balloonText\":\"<b>[[title]]<\\\/b><br>\"},{\"id\":\"RO\",\"color\":\"#336699\",\"rollOverColor\":\"#003366\",\"selectedColor\":\"#003366\",\"balloonText\":\"<b>[[title]]<\\\/b><br>\"},{\"id\":\"RW\",\"color\":\"#336699\",\"rollOverColor\":\"#003366\",\"selectedColor\":\"#003366\",\"balloonText\":\"<b>[[title]]<\\\/b><br>\",\"url\":\"http:\\\/\\\/ibastergoes.com\\\/category\\\/afrikka\\\/rwanda\\\/\"},{\"id\":\"SG\",\"color\":\"#336699\",\"rollOverColor\":\"#003366\",\"selectedColor\":\"#003366\",\"balloonText\":\"<b>[[title]]<\\\/b><br>\"},{\"id\":\"SI\",\"color\":\"#336699\",\"rollOverColor\":\"#003366\",\"selectedColor\":\"#003366\",\"balloonText\":\"<b>[[title]]<\\\/b><br>\"},{\"id\":\"ES\",\"color\":\"#336699\",\"rollOverColor\":\"#003366\",\"selectedColor\":\"#003366\",\"balloonText\":\"<b>[[title]]<\\\/b><br>\"},{\"id\":\"LK\",\"color\":\"#336699\",\"rollOverColor\":\"#003366\",\"selectedColor\":\"#003366\",\"balloonText\":\"<b>[[title]]<\\\/b><br>\",\"url\":\"http:\\\/\\\/ibastergoes.com\\\/category\\\/aasia\\\/sri-lanka\\\/\"},{\"id\":\"SE\",\"color\":\"#336699\",\"rollOverColor\":\"#003366\",\"selectedColor\":\"#003366\",\"balloonText\":\"<b>[[title]]<\\\/b><br>\"},{\"id\":\"CH\",\"color\":\"#336699\",\"rollOverColor\":\"#003366\",\"selectedColor\":\"#003366\",\"balloonText\":\"<b>[[title]]<\\\/b><br>\"},{\"id\":\"TR\",\"color\":\"#336699\",\"rollOverColor\":\"#003366\",\"selectedColor\":\"#003366\",\"balloonText\":\"<b>[[title]]<\\\/b><br>\"},{\"id\":\"AE\",\"color\":\"#336699\",\"rollOverColor\":\"#003366\",\"selectedColor\":\"#003366\",\"balloonText\":\"<b>[[title]]<\\\/b><br>\"},{\"id\":\"GB\",\"color\":\"#336699\",\"rollOverColor\":\"#003366\",\"selectedColor\":\"#003366\",\"balloonText\":\"<b>[[title]]<\\\/b><br>\",\"url\":\"http:\\\/\\\/ibastergoes.com\\\/category\\\/eurooppa\\\/iso-britannia\\\/\"},{\"id\":\"ZW\",\"color\":\"#336699\",\"rollOverColor\":\"#003366\",\"selectedColor\":\"#003366\",\"balloonText\":\"<b>[[title]]<\\\/b><br>(2016) Click to read the posts.\",\"url\":\"http:\\\/\\\/ibastergoes.com\\\/category\\\/afrikka\\\/zimbabwe\\\/\"},{\"id\":\"ZM\",\"color\":\"#336699\",\"rollOverColor\":\"#003366\",\"selectedColor\":\"#003366\",\"balloonText\":\"<b>[[title]]<\\\/b><br>\"},{\"id\":\"BG\",\"color\":\"#336699\",\"rollOverColor\":\"#003366\",\"selectedColor\":\"#003366\",\"balloonText\":\"<b>[[title]]<\\\/b><br>\"},{\"id\":\"IS\",\"color\":\"#336699\",\"rollOverColor\":\"#003366\",\"selectedColor\":\"#003366\",\"balloonText\":\"<b>[[title]]<\\\/b><br>(2019) Pinsestaevne\"},{\"id\":\"AL\",\"color\":\"#336699\",\"rollOverColor\":\"#003366\",\"selectedColor\":\"#003366\",\"balloonText\":\"<b>[[title]]<\\\/b><br>2019\",\"url\":\"http:\\\/\\\/ibastergoes.com\\\/category\\\/eurooppa\\\/albania\\\/\"}]\n                    },\n\n                    \"areasSettings\": {\n                        \"autoZoom\": true,\n                        \"rollOverOutlineAlpha\": 0,\n                        \"balloonText\": \"\",\n                        \"color\": \"#B8B8B8\",\n                        \"rollOverColor\": \"#003366\",\n                        \"selectedColor\": \"#003366\",\n                    },\n\n                    \"smallMap\": {\n                        \"enabled\":true,\n                        \"backgroundColor\": \"#E0E0E0\",\n                        \"mapColor\": \"#666666\",\n                        \"borderColor\": \"#FFFFFF\",\n                        \"rectangleColor\": \"#003366\"\n                    },\n                    \n                    \"zoomControl\": {\n                        \"zoomControlEnabled\": true,\n                        \"buttonFillColor\": \"#B8B8B8\",\n                        \"buttonRollOverColor\": \"#336699\"\n                    },\n                    \n                    \"balloon\": {\n                        \"fontSize\":\"12\",\n                        \"color\":\"000000\",\n                        \"fillColor\":\"#FFFFFF\"\n                    }\n                    \n                } );\n            <\/script>\n        \n\n\n\n<h2 class=\"wp-block-heading\">MAAILMAN YMP\u00c4RI (2022!)<\/h2>\n\n\n\n<p>Tuntuu, ett\u00e4 kiinnostuksen kohteet muuttuvat vuosi vuodelta&#8230; Aikaisempien kokemustemme mukaisesti olemmekin kallistumassa siihen, ettemme turhan tarkasti suunnittele matkareitti\u00e4mme. Kunhan aikaa l\u00f6ytyy, p\u00e4\u00e4t\u00e4mme ensimm\u00e4isen kohdemaan, josta alamme rakentaa enemm\u00e4n tai v\u00e4hemm\u00e4n j\u00e4rkev\u00e4ss\u00e4 j\u00e4rjestyksess\u00e4 omaa maailmanymp\u00e4rimatkaamme. <em>(edit: <\/em><em><a href=\"https:\/\/ibastergoes.com\/matkasuunnitelma\/ilmastovaikutukset\/\">ilmastovaikutusten pienent\u00e4miseksi<\/a><\/em><em> mieluiten siin\u00e4 j\u00e4rkev\u00e4ss\u00e4 j\u00e4rjestyksess\u00e4).<\/em> Parhaat vinkit taitaa joka tapauksessa saada vasta reissunp\u00e4\u00e4ll\u00e4.<\/p>\n\n\n\n<p>Ideoita maailmanymp\u00e4rimatkalle voit antaa t\u00e4\u00e4ll\u00e4:<\/p>\n\n\n\n<div class=\"wp-block-button\"><a class=\"wp-block-button__link has-black-background-color has-background wp-element-button\" href=\"https:\/\/ibastergoes.com\/suunnitelmia-maailman-ympari\/\">Maailmanymp\u00e4rimatkan suunnittelu<br \/><\/a><\/div>\n\n\n\n<p>Hyvin suunniteltu on varmastikin sanonnan mukaisesti &#8220;puoliksi tehty&#8221;, mutta liiasta suunnittelusta voi my\u00f6s olla haittaa. Olemme pyrkineet kohdistamaan suunnittelun etenkin pidemmill\u00e4 reissuilla kiinnostuksenkohteisiin ja paikallisen arjen kokemuksiin. <\/p>\n\n\n\n<p>T\u00e4ss\u00e4 suunnitelmia aikaisemmilta reissuiltamme:<\/p>\n\n\n","protected":false},"excerpt":{"rendered":"<p>MAAILMAN YMP\u00c4RI (2022!) Tuntuu, ett\u00e4 kiinnostuksen kohteet muuttuvat vuosi vuodelta&#8230; Aikaisempien kokemustemme mukaisesti olemmekin kallistumassa siihen, ettemme turhan tarkasti suunnittele matkareitti\u00e4mme. Kunhan aikaa l\u00f6ytyy, p\u00e4\u00e4t\u00e4mme ensimm\u00e4isen kohdemaan, josta alamme rakentaa enemm\u00e4n tai v\u00e4hemm\u00e4n j\u00e4rkev\u00e4ss\u00e4 j\u00e4rjestyksess\u00e4 omaa maailmanymp\u00e4rimatkaamme. (edit: ilmastovaikutusten pienent\u00e4miseksi mieluiten siin\u00e4 j\u00e4rkev\u00e4ss\u00e4 j\u00e4rjestyksess\u00e4). Parhaat vinkit taitaa joka tapauksessa saada vasta reissunp\u00e4\u00e4ll\u00e4. Ideoita maailmanymp\u00e4rimatkalle voit &hellip; <\/p>\n<p class=\"link-more\"><a href=\"https:\/\/ibastergoes.com\/gb\/matkasuunnitelma\/\" class=\"read-more\">Lue lis\u00e4\u00e4<span class=\"screen-reader-text\">Suunnitelmia<\/span><\/a><\/p>\n","protected":false},"author":2,"featured_media":0,"parent":0,"menu_order":0,"comment_status":"closed","ping_status":"closed","template":"","meta":{"nf_dc_page":"","jetpack_post_was_ever_published":false,"_vp_format_video_url":"","_vp_image_focal_point":[],"footnotes":""},"class_list":["post-13","page","type-page","status-publish","hentry"],"translation":{"provider":"WPGlobus","version":"3.0.2","language":"gb","enabled_languages":["fi","gb"],"languages":{"fi":{"title":true,"content":true,"excerpt":false},"gb":{"title":false,"content":false,"excerpt":false}}},"jetpack_sharing_enabled":false,"jetpack_shortlink":"https:\/\/wp.me\/PazqkD-d","_links":{"self":[{"href":"https:\/\/ibastergoes.com\/gb\/wp-json\/wp\/v2\/pages\/13","targetHints":{"allow":["GET"]}}],"collection":[{"href":"https:\/\/ibastergoes.com\/gb\/wp-json\/wp\/v2\/pages"}],"about":[{"href":"https:\/\/ibastergoes.com\/gb\/wp-json\/wp\/v2\/types\/page"}],"author":[{"embeddable":true,"href":"https:\/\/ibastergoes.com\/gb\/wp-json\/wp\/v2\/users\/2"}],"replies":[{"embeddable":true,"href":"https:\/\/ibastergoes.com\/gb\/wp-json\/wp\/v2\/comments?post=13"}],"version-history":[{"count":17,"href":"https:\/\/ibastergoes.com\/gb\/wp-json\/wp\/v2\/pages\/13\/revisions"}],"predecessor-version":[{"id":4293,"href":"https:\/\/ibastergoes.com\/gb\/wp-json\/wp\/v2\/pages\/13\/revisions\/4293"}],"wp:attachment":[{"href":"https:\/\/ibastergoes.com\/gb\/wp-json\/wp\/v2\/media?parent=13"}],"curies":[{"name":"wp","href":"https:\/\/api.w.org\/{rel}","templated":true}]}}