{"id":1230,"date":"2014-03-10T17:23:00","date_gmt":"2014-03-10T17:23:00","guid":{"rendered":"http:\/\/ibaster.wordpress.com\/?page_id=1"},"modified":"2022-12-20T10:22:17","modified_gmt":"2022-12-20T10:22:17","slug":"about","status":"publish","type":"page","link":"https:\/\/ibastergoes.com\/gb\/about\/","title":{"rendered":"Reissaajat"},"content":{"rendered":"\n<blockquote class=\"wp-block-quote is-style-default is-layout-flow wp-block-quote-is-layout-flow\">\n<p> <br><strong>\u201cI travel because it makes me realize how much I  haven\u2019t seen, how much I\u2019m not going to see, and how much I still need  to see.\u201d<\/strong><\/p>\n<cite><strong> \u2013 Carew Papritz<\/strong>  <\/cite><\/blockquote>\n\n\n\n<figure class=\"wp-block-gallery has-nested-images columns-default is-cropped wp-block-gallery-1 is-layout-flex wp-block-gallery-is-layout-flex\">\n<figure class=\"wp-block-image\"><a href=\"https:\/\/i0.wp.com\/ibastergoes.com\/wp-content\/uploads\/2019\/01\/Suomirundi-073.jpg?ssl=1\"><img data-recalc-dims=\"1\" loading=\"lazy\" decoding=\"async\" width=\"860\" height=\"574\" data-id=\"2484\" src=\"https:\/\/i0.wp.com\/ibastergoes.com\/wp-content\/uploads\/2019\/01\/Suomirundi-073.jpg?resize=860%2C574&#038;ssl=1\" alt=\"\" class=\"wp-image-2484\" srcset=\"https:\/\/i0.wp.com\/ibastergoes.com\/wp-content\/uploads\/2019\/01\/Suomirundi-073.jpg?resize=1024%2C683&amp;ssl=1 1024w, https:\/\/i0.wp.com\/ibastergoes.com\/wp-content\/uploads\/2019\/01\/Suomirundi-073.jpg?resize=300%2C200&amp;ssl=1 300w, https:\/\/i0.wp.com\/ibastergoes.com\/wp-content\/uploads\/2019\/01\/Suomirundi-073.jpg?resize=768%2C512&amp;ssl=1 768w, https:\/\/i0.wp.com\/ibastergoes.com\/wp-content\/uploads\/2019\/01\/Suomirundi-073.jpg?resize=150%2C100&amp;ssl=1 150w, https:\/\/i0.wp.com\/ibastergoes.com\/wp-content\/uploads\/2019\/01\/Suomirundi-073.jpg?resize=420%2C280&amp;ssl=1 420w, https:\/\/i0.wp.com\/ibastergoes.com\/wp-content\/uploads\/2019\/01\/Suomirundi-073.jpg?w=1720&amp;ssl=1 1720w, https:\/\/i0.wp.com\/ibastergoes.com\/wp-content\/uploads\/2019\/01\/Suomirundi-073.jpg?w=2580&amp;ssl=1 2580w\" sizes=\"auto, (max-width: 860px) 100vw, 860px\" \/><\/a><\/figure>\n\n\n\n<figure class=\"wp-block-image\"><a href=\"https:\/\/i0.wp.com\/ibastergoes.com\/wp-content\/uploads\/2015\/05\/img_20140112_204936.jpg?ssl=1\"><img data-recalc-dims=\"1\" loading=\"lazy\" decoding=\"async\" width=\"860\" height=\"645\" data-id=\"37\" src=\"https:\/\/i0.wp.com\/ibastergoes.com\/wp-content\/uploads\/2015\/05\/img_20140112_204936.jpg?resize=860%2C645&#038;ssl=1\" alt=\"\" class=\"wp-image-37\" srcset=\"https:\/\/i0.wp.com\/ibastergoes.com\/wp-content\/uploads\/2015\/05\/img_20140112_204936.jpg?resize=1024%2C768&amp;ssl=1 1024w, https:\/\/i0.wp.com\/ibastergoes.com\/wp-content\/uploads\/2015\/05\/img_20140112_204936.jpg?resize=300%2C225&amp;ssl=1 300w, https:\/\/i0.wp.com\/ibastergoes.com\/wp-content\/uploads\/2015\/05\/img_20140112_204936.jpg?resize=768%2C576&amp;ssl=1 768w, https:\/\/i0.wp.com\/ibastergoes.com\/wp-content\/uploads\/2015\/05\/img_20140112_204936.jpg?resize=1568%2C1176&amp;ssl=1 1568w, https:\/\/i0.wp.com\/ibastergoes.com\/wp-content\/uploads\/2015\/05\/img_20140112_204936.jpg?w=1720&amp;ssl=1 1720w, https:\/\/i0.wp.com\/ibastergoes.com\/wp-content\/uploads\/2015\/05\/img_20140112_204936.jpg?w=2580&amp;ssl=1 2580w\" sizes=\"auto, (max-width: 860px) 100vw, 860px\" \/><\/a><\/figure>\n\n\n\n<figure class=\"wp-block-image\"><a href=\"https:\/\/i0.wp.com\/ibastergoes.com\/wp-content\/uploads\/2015\/11\/wpid-img_20151020_133740.jpg?ssl=1\"><img data-recalc-dims=\"1\" loading=\"lazy\" decoding=\"async\" width=\"860\" height=\"645\" data-id=\"424\" src=\"https:\/\/i0.wp.com\/ibastergoes.com\/wp-content\/uploads\/2015\/11\/wpid-img_20151020_133740.jpg?resize=860%2C645&#038;ssl=1\" alt=\"\" class=\"wp-image-424\" srcset=\"https:\/\/i0.wp.com\/ibastergoes.com\/wp-content\/uploads\/2015\/11\/wpid-img_20151020_133740.jpg?resize=1024%2C768&amp;ssl=1 1024w, https:\/\/i0.wp.com\/ibastergoes.com\/wp-content\/uploads\/2015\/11\/wpid-img_20151020_133740.jpg?resize=300%2C225&amp;ssl=1 300w, https:\/\/i0.wp.com\/ibastergoes.com\/wp-content\/uploads\/2015\/11\/wpid-img_20151020_133740.jpg?resize=768%2C576&amp;ssl=1 768w, https:\/\/i0.wp.com\/ibastergoes.com\/wp-content\/uploads\/2015\/11\/wpid-img_20151020_133740.jpg?resize=1568%2C1176&amp;ssl=1 1568w, https:\/\/i0.wp.com\/ibastergoes.com\/wp-content\/uploads\/2015\/11\/wpid-img_20151020_133740.jpg?w=2000&amp;ssl=1 2000w, https:\/\/i0.wp.com\/ibastergoes.com\/wp-content\/uploads\/2015\/11\/wpid-img_20151020_133740.jpg?w=1720&amp;ssl=1 1720w\" sizes=\"auto, (max-width: 860px) 100vw, 860px\" \/><\/a><figcaption class=\"wp-element-caption\">Paikallinen opas pikkukyl\u00e4ss\u00e4 l\u00e4hell\u00e4 Labuan Bajoa<\/figcaption><\/figure>\n\n\n\n<figure class=\"wp-block-image\"><a href=\"https:\/\/i0.wp.com\/ibastergoes.com\/wp-content\/uploads\/2015\/09\/wpid-20150921_153141.jpg?ssl=1\"><img data-recalc-dims=\"1\" loading=\"lazy\" decoding=\"async\" width=\"860\" height=\"645\" data-id=\"274\" src=\"https:\/\/i0.wp.com\/ibastergoes.com\/wp-content\/uploads\/2015\/09\/wpid-20150921_153141.jpg?resize=860%2C645&#038;ssl=1\" alt=\"\" class=\"wp-image-274\" srcset=\"https:\/\/i0.wp.com\/ibastergoes.com\/wp-content\/uploads\/2015\/09\/wpid-20150921_153141.jpg?resize=1024%2C768&amp;ssl=1 1024w, https:\/\/i0.wp.com\/ibastergoes.com\/wp-content\/uploads\/2015\/09\/wpid-20150921_153141.jpg?resize=300%2C225&amp;ssl=1 300w, https:\/\/i0.wp.com\/ibastergoes.com\/wp-content\/uploads\/2015\/09\/wpid-20150921_153141.jpg?resize=768%2C576&amp;ssl=1 768w, https:\/\/i0.wp.com\/ibastergoes.com\/wp-content\/uploads\/2015\/09\/wpid-20150921_153141.jpg?resize=1568%2C1176&amp;ssl=1 1568w, https:\/\/i0.wp.com\/ibastergoes.com\/wp-content\/uploads\/2015\/09\/wpid-20150921_153141.jpg?w=2000&amp;ssl=1 2000w, https:\/\/i0.wp.com\/ibastergoes.com\/wp-content\/uploads\/2015\/09\/wpid-20150921_153141.jpg?w=1720&amp;ssl=1 1720w\" sizes=\"auto, (max-width: 860px) 100vw, 860px\" \/><\/a><figcaption class=\"wp-element-caption\">Suoriuduimme!<\/figcaption><\/figure>\n\n\n\n<figure class=\"wp-block-image\"><a href=\"https:\/\/i0.wp.com\/ibastergoes.com\/wp-content\/uploads\/2015\/09\/wpid-oi0005881.jpg?ssl=1\"><img data-recalc-dims=\"1\" loading=\"lazy\" decoding=\"async\" width=\"860\" height=\"484\" data-id=\"224\" src=\"https:\/\/i0.wp.com\/ibastergoes.com\/wp-content\/uploads\/2015\/09\/wpid-oi0005881.jpg?resize=860%2C484&#038;ssl=1\" alt=\"\" class=\"wp-image-224\" srcset=\"https:\/\/i0.wp.com\/ibastergoes.com\/wp-content\/uploads\/2015\/09\/wpid-oi0005881.jpg?resize=1024%2C576&amp;ssl=1 1024w, https:\/\/i0.wp.com\/ibastergoes.com\/wp-content\/uploads\/2015\/09\/wpid-oi0005881.jpg?resize=300%2C169&amp;ssl=1 300w, https:\/\/i0.wp.com\/ibastergoes.com\/wp-content\/uploads\/2015\/09\/wpid-oi0005881.jpg?resize=768%2C432&amp;ssl=1 768w, https:\/\/i0.wp.com\/ibastergoes.com\/wp-content\/uploads\/2015\/09\/wpid-oi0005881.jpg?resize=1568%2C882&amp;ssl=1 1568w, https:\/\/i0.wp.com\/ibastergoes.com\/wp-content\/uploads\/2015\/09\/wpid-oi0005881.jpg?w=2000&amp;ssl=1 2000w, https:\/\/i0.wp.com\/ibastergoes.com\/wp-content\/uploads\/2015\/09\/wpid-oi0005881.jpg?w=1720&amp;ssl=1 1720w\" sizes=\"auto, (max-width: 860px) 100vw, 860px\" \/><\/a><\/figure>\n\n\n\n<figure class=\"wp-block-image\"><a href=\"https:\/\/i0.wp.com\/ibastergoes.com\/wp-content\/uploads\/2018\/10\/img_2352.jpg?ssl=1\"><img data-recalc-dims=\"1\" loading=\"lazy\" decoding=\"async\" width=\"860\" height=\"645\" data-id=\"1957\" src=\"https:\/\/i0.wp.com\/ibastergoes.com\/wp-content\/uploads\/2018\/10\/img_2352.jpg?resize=860%2C645&#038;ssl=1\" alt=\"\" class=\"wp-image-1957\" srcset=\"https:\/\/i0.wp.com\/ibastergoes.com\/wp-content\/uploads\/2018\/10\/img_2352.jpg?resize=1024%2C768&amp;ssl=1 1024w, https:\/\/i0.wp.com\/ibastergoes.com\/wp-content\/uploads\/2018\/10\/img_2352.jpg?resize=300%2C225&amp;ssl=1 300w, https:\/\/i0.wp.com\/ibastergoes.com\/wp-content\/uploads\/2018\/10\/img_2352.jpg?resize=768%2C576&amp;ssl=1 768w, https:\/\/i0.wp.com\/ibastergoes.com\/wp-content\/uploads\/2018\/10\/img_2352.jpg?resize=1568%2C1176&amp;ssl=1 1568w, https:\/\/i0.wp.com\/ibastergoes.com\/wp-content\/uploads\/2018\/10\/img_2352.jpg?w=1720&amp;ssl=1 1720w, https:\/\/i0.wp.com\/ibastergoes.com\/wp-content\/uploads\/2018\/10\/img_2352.jpg?w=2580&amp;ssl=1 2580w\" sizes=\"auto, (max-width: 860px) 100vw, 860px\" \/><\/a><figcaption class=\"wp-element-caption\">Meij\u00e4n mese<\/figcaption><\/figure>\n<\/figure>\n\n\n\n<p class=\"has-drop-cap\"> T\u00e4ss\u00e4 ois nyt matkailusta tykk\u00e4\u00e4v\u00e4 pari aina valmiina l\u00e4ht\u00f6\u00f6n! Maailmanymp\u00e4rimatkaa varten olemme harjoitelleet reissaamista Sri Lankassa, Indonesiassa ja sit\u00e4 ennen siin\u00e4 naapurissa, Malesian puoleisessa Borneossa. Useampi vuosi vier\u00e4hti l\u00e4himatkailuun tyytyen, kunnes vihdoin p\u00e4\u00e4simme kunnolla matkaan! T\u00e4ll\u00e4 hetkell\u00e4 siis kiert\u00e4m\u00e4ss\u00e4 maapalloa ymp\u00e4ri!!<\/p>\n\n\n\n<p>Reissutarinoita tipahtelee sivulle ep\u00e4s\u00e4\u00e4nn\u00f6llisesti nettiyhteyksist\u00e4 ja matkailukiireist\u00e4 (\ud83e\udd2d) riippuen ja niiden takana on p\u00e4\u00e4osin Ida, kun taas Julle vastaa videosis\u00e4ll\u00f6st\u00e4 <a href=\"https:\/\/youtube.com\/@julesdiscoveries\">YouTuben puolella<\/a>. <\/p>\n\n\n\n<p> I&amp;J p\u00e4ivittelee<\/p>\n","protected":false},"excerpt":{"rendered":"<p>\u201cI travel because it makes me realize how much I haven\u2019t seen, how much I\u2019m not going to see, and how much I still need to see.\u201d \u2013 Carew Papritz T\u00e4ss\u00e4 ois nyt matkailusta tykk\u00e4\u00e4v\u00e4 pari aina valmiina l\u00e4ht\u00f6\u00f6n! Maailmanymp\u00e4rimatkaa varten olemme harjoitelleet reissaamista Sri Lankassa, Indonesiassa ja sit\u00e4 ennen siin\u00e4 naapurissa, Malesian puoleisessa Borneossa. &hellip; <\/p>\n<p class=\"link-more\"><a href=\"https:\/\/ibastergoes.com\/gb\/about\/\" class=\"read-more\">Lue lis\u00e4\u00e4<span class=\"screen-reader-text\">Reissaajat<\/span><\/a><\/p>\n","protected":false},"author":2,"featured_media":1698,"parent":0,"menu_order":0,"comment_status":"closed","ping_status":"closed","template":"","meta":{"nf_dc_page":"","jetpack_post_was_ever_published":false,"_vp_format_video_url":"","_vp_image_focal_point":[],"footnotes":""},"class_list":["post-1230","page","type-page","status-publish","has-post-thumbnail","hentry"],"translation":{"provider":"WPGlobus","version":"3.0.2","language":"gb","enabled_languages":["fi","gb"],"languages":{"fi":{"title":true,"content":true,"excerpt":false},"gb":{"title":false,"content":false,"excerpt":false}}},"jetpack_sharing_enabled":true,"jetpack_shortlink":"https:\/\/wp.me\/PazqkD-jQ","_links":{"self":[{"href":"https:\/\/ibastergoes.com\/gb\/wp-json\/wp\/v2\/pages\/1230","targetHints":{"allow":["GET"]}}],"collection":[{"href":"https:\/\/ibastergoes.com\/gb\/wp-json\/wp\/v2\/pages"}],"about":[{"href":"https:\/\/ibastergoes.com\/gb\/wp-json\/wp\/v2\/types\/page"}],"author":[{"embeddable":true,"href":"https:\/\/ibastergoes.com\/gb\/wp-json\/wp\/v2\/users\/2"}],"replies":[{"embeddable":true,"href":"https:\/\/ibastergoes.com\/gb\/wp-json\/wp\/v2\/comments?post=1230"}],"version-history":[{"count":6,"href":"https:\/\/ibastergoes.com\/gb\/wp-json\/wp\/v2\/pages\/1230\/revisions"}],"predecessor-version":[{"id":4996,"href":"https:\/\/ibastergoes.com\/gb\/wp-json\/wp\/v2\/pages\/1230\/revisions\/4996"}],"wp:featuredmedia":[{"embeddable":true,"href":"https:\/\/ibastergoes.com\/gb\/wp-json\/"}],"wp:attachment":[{"href":"https:\/\/ibastergoes.com\/gb\/wp-json\/wp\/v2\/media?parent=1230"}],"curies":[{"name":"wp","href":"https:\/\/api.w.org\/{rel}","templated":true}]}}